{"id":2658,"date":"2026-02-28T08:37:39","date_gmt":"2026-02-28T07:37:39","guid":{"rendered":"https:\/\/www.internet-initiative.ch\/impressum-fr\/"},"modified":"2026-03-03T07:11:14","modified_gmt":"2026-03-03T06:11:14","slug":"impressum-fr","status":"publish","type":"page","link":"https:\/\/www.internet-initiative.ch\/fr\/impressum-fr\/","title":{"rendered":"Impressum"},"content":{"rendered":"\t\t<div data-elementor-type=\"wp-page\" data-elementor-id=\"2658\" class=\"elementor elementor-2658 elementor-2310\" data-elementor-post-type=\"page\">\n\t\t\t\t<div class=\"elementor-element elementor-element-ec2ca27 e-flex e-con-boxed e-con e-parent\" data-id=\"ec2ca27\" data-element_type=\"container\" data-e-type=\"container\" data-settings=\"{&quot;background_background&quot;:&quot;classic&quot;}\">\n\t\t\t\t\t<div class=\"e-con-inner\">\n\t\t<div class=\"elementor-element elementor-element-3f572df e-con-full e-flex e-con e-child\" data-id=\"3f572df\" data-element_type=\"container\" data-e-type=\"container\">\n\t\t\t\t<div class=\"elementor-element elementor-element-c734513 elementor-widget elementor-widget-jet-engine-component-2109\" data-id=\"c734513\" data-element_type=\"widget\" data-e-type=\"widget\" data-widget_type=\"jet-engine-component-2109.default\">\n\t\t\t\t<div class=\"elementor-widget-container\">\n\t\t\t\t\t<style>.elementor-2109 .elementor-element.elementor-element-4e0ba48{--display:flex;--margin-top:0px;--margin-bottom:0px;--margin-left:0px;--margin-right:0px;--padding-top:0px;--padding-bottom:30px;--padding-left:0px;--padding-right:0px;}.elementor-2109 .elementor-element.elementor-element-3f97d05 .heading_style .head-title .heading-title{padding:0px 0px 0px 0px;}.elementor-2109 .elementor-element.elementor-element-3f97d05 .heading .heading-title{font-family:var( --e-global-typography-1x11vi25-font-family ), Sans-serif;font-size:var( --e-global-typography-1x11vi25-font-size );font-weight:var( --e-global-typography-1x11vi25-font-weight );line-height:var( --e-global-typography-1x11vi25-line-height );letter-spacing:var( --e-global-typography-1x11vi25-letter-spacing );word-spacing:var( --e-global-typography-1x11vi25-word-spacing );color:var( --e-global-color-araw5f25 );}.elementor-2109 .elementor-element.elementor-element-3f97d05 > .elementor-widget-container{margin:0px 0px 40px 0px;padding:0px 0px 0px 0px;}.elementor-2109 .elementor-element.elementor-element-3f97d05{width:var( --container-widget-width, 100% );max-width:100%;--container-widget-width:100%;--container-widget-flex-grow:0;z-index:0;}.elementor-widget-tp-adv-text-block .pt_plus_adv_text_block .text-content-block,.elementor-widget-tp-adv-text-block .pt_plus_adv_text_block .text-content-block p{font-family:var( --e-global-typography-text-font-family ), Sans-serif;font-size:var( --e-global-typography-text-font-size );font-weight:var( --e-global-typography-text-font-weight );line-height:var( --e-global-typography-text-line-height );}.elementor-widget-tp-adv-text-block{font-family:var( --e-global-typography-text-font-family ), Sans-serif;font-size:var( --e-global-typography-text-font-size );font-weight:var( --e-global-typography-text-font-weight );line-height:var( --e-global-typography-text-line-height );}.elementor-2109 .elementor-element.elementor-element-6d05af0 .pt_plus_adv_text_block .text-content-block,.elementor-2109 .elementor-element.elementor-element-6d05af0 .pt_plus_adv_text_block .text-content-block p{font-family:var( --e-global-typography-7f85c94-font-family ), Sans-serif;font-size:var( --e-global-typography-7f85c94-font-size );font-weight:var( --e-global-typography-7f85c94-font-weight );line-height:var( --e-global-typography-7f85c94-line-height );letter-spacing:var( --e-global-typography-7f85c94-letter-spacing );word-spacing:var( --e-global-typography-7f85c94-word-spacing );}.elementor-2109 .elementor-element.elementor-element-6d05af0 .pt_plus_adv_text_block .text-content-block p,.elementor-2109 .elementor-element.elementor-element-6d05af0 .pt_plus_adv_text_block .text-content-block{color:var( --e-global-color-primary );}@media(max-width:1024px){.elementor-2109 .elementor-element.elementor-element-3f97d05 .heading .heading-title{font-size:var( --e-global-typography-1x11vi25-font-size );line-height:var( --e-global-typography-1x11vi25-line-height );letter-spacing:var( --e-global-typography-1x11vi25-letter-spacing );word-spacing:var( --e-global-typography-1x11vi25-word-spacing );}.elementor-widget-tp-adv-text-block .pt_plus_adv_text_block .text-content-block,.elementor-widget-tp-adv-text-block .pt_plus_adv_text_block .text-content-block p{font-size:var( --e-global-typography-text-font-size );line-height:var( --e-global-typography-text-line-height );}.elementor-widget-tp-adv-text-block{font-size:var( --e-global-typography-text-font-size );line-height:var( --e-global-typography-text-line-height );}.elementor-2109 .elementor-element.elementor-element-6d05af0 .pt_plus_adv_text_block .text-content-block,.elementor-2109 .elementor-element.elementor-element-6d05af0 .pt_plus_adv_text_block .text-content-block p{font-size:var( --e-global-typography-7f85c94-font-size );line-height:var( --e-global-typography-7f85c94-line-height );letter-spacing:var( --e-global-typography-7f85c94-letter-spacing );word-spacing:var( --e-global-typography-7f85c94-word-spacing );}}@media(max-width:767px){.elementor-2109 .elementor-element.elementor-element-3f97d05 .heading .heading-title{font-size:var( --e-global-typography-1x11vi25-font-size );line-height:var( --e-global-typography-1x11vi25-line-height );letter-spacing:var( --e-global-typography-1x11vi25-letter-spacing );word-spacing:var( --e-global-typography-1x11vi25-word-spacing );}.elementor-2109 .elementor-element.elementor-element-3f97d05{width:var( --container-widget-width, 100% );max-width:100%;--container-widget-width:100%;--container-widget-flex-grow:0;}.elementor-widget-tp-adv-text-block .pt_plus_adv_text_block .text-content-block,.elementor-widget-tp-adv-text-block .pt_plus_adv_text_block .text-content-block p{font-size:var( --e-global-typography-text-font-size );line-height:var( --e-global-typography-text-line-height );}.elementor-widget-tp-adv-text-block{font-size:var( --e-global-typography-text-font-size );line-height:var( --e-global-typography-text-line-height );}.elementor-2109 .elementor-element.elementor-element-6d05af0 .pt_plus_adv_text_block .text-content-block,.elementor-2109 .elementor-element.elementor-element-6d05af0 .pt_plus_adv_text_block .text-content-block p{font-size:var( --e-global-typography-7f85c94-font-size );line-height:var( --e-global-typography-7f85c94-line-height );letter-spacing:var( --e-global-typography-7f85c94-letter-spacing );word-spacing:var( --e-global-typography-7f85c94-word-spacing );}.elementor-2109 .elementor-element.elementor-element-6d05af0{width:100%;max-width:100%;}}\/* Start custom CSS for tp-adv-text-block, class: .elementor-element-6d05af0 *\/.elementor-2109 .elementor-element.elementor-element-6d05af0 h2 {\n    font-family: \"PT Serif Caption\";\n    font-size: 36px;\n    font-weight: 600;\n    line-height: 1.2;\n}\n\n@media (max-width: 1024px) {.elementor-2109 .elementor-element.elementor-element-6d05af0 h2 {\n    font-size: 32px;\n\n}}\n\n@media (max-width: 767px) {.elementor-2109 .elementor-element.elementor-element-6d05af0 h2 {\n    font-size: 24px;\n\n}}\/* End custom CSS *\/<\/style>\t\t<div data-elementor-type=\"jet-engine-component\" data-elementor-id=\"2109\" class=\"elementor elementor-2109 jet-listing-grid--2109 jet-component-instance-2612\" data-elementor-post-type=\"jet-engine\" style=\"\">\n\t\t\t\t<div class=\"elementor-element elementor-element-4e0ba48 e-flex e-con-boxed e-con e-parent\" data-id=\"4e0ba48\" data-element_type=\"container\" data-e-type=\"container\">\n\t\t\t\t\t<div class=\"e-con-inner\">\n\t\t\t\t<div class=\"elementor-element elementor-element-3f97d05 elementor-widget__width-initial elementor-widget-mobile__width-initial text-left elementor-widget elementor-widget-tp-heading-title\" data-id=\"3f97d05\" data-element_type=\"widget\" data-e-type=\"widget\" data-widget_type=\"tp-heading-title.default\">\n\t\t\t\t<div class=\"elementor-widget-container\">\n\t\t\t\t\t<div class=\"heading heading_style heading_style69f52485526d7 style-1 \"  data-tp-gsap-heading-text=\"\" data-tp-gsap-sub-heading-text=\"\"><div class=\"sub-style \"  ><div class=\"head-title \" > <h1  class=\"heading-title   \"   data-hover=\"Impressum\">Impressum<span class=\"title-s \">  <\/span><\/h1><\/div><\/div><\/div>\t\t\t\t<\/div>\n\t\t\t\t<\/div>\n\t\t\t\t<div class=\"elementor-element elementor-element-6d05af0 text elementor-widget-mobile__width-inherit elementor-widget elementor-widget-tp-adv-text-block\" data-id=\"6d05af0\" data-element_type=\"widget\" data-e-type=\"widget\" data-widget_type=\"tp-adv-text-block.default\">\n\t\t\t\t<div class=\"elementor-widget-container\">\n\t\t\t\t\t<div class=\"pt-plus-text-block-wrapper\" data-tp-gsap-textblock=\"\" ><div class=\"text_block_parallax\"><div class=\"pt_plus_adv_text_block \" ><div class=\"text-content-block\"><div>Initiative Internet<\/div><div><div>c\/o Guido Fluri Stiftung<br \/>Schulhausstrasse 10<\/div><div>6330 Cham<\/div><div>Contact: <a href=\"mailto:info@internet-initiative.ch\" target=\"_blank\" rel=\"noopener\">info@internet-<wbr \/>initiative.ch<\/a><\/div><\/div><div>\u00a0<\/div><div>\u00a0<\/div><div><h3 data-start=\"143\" data-end=\"157\">N\u00e9tiquette<\/h3><p data-start=\"159\" data-end=\"539\">Bienvenue sur les canaux de l\u2019Initiative Internet. Nous nous engageons pour la protection de nos droits fondamentaux, de notre d\u00e9mocratie et en particulier des enfants et des jeunes dans l\u2019espace num\u00e9rique. Le dialogue avec la population est un \u00e9l\u00e9ment central de cette initiative. Les opinions argument\u00e9es, les questions critiques et les discussions engag\u00e9es sont les bienvenues.<\/p><p data-start=\"541\" data-end=\"854\"><strong data-start=\"541\" data-end=\"572\">Pourquoi cette n\u00e9tiquette ?<\/strong><br data-start=\"572\" data-end=\"575\" \/>L\u2019Initiative Internet traite de th\u00e8mes sensibles tels que la violence num\u00e9rique, l\u2019exploitation sexuelle, la cybercriminalit\u00e9 et la d\u00e9sinformation. C\u2019est pr\u00e9cis\u00e9ment pour cette raison qu\u2019un comportement respectueux et responsable dans la communication en ligne est indispensable.<\/p><p data-start=\"856\" data-end=\"957\">La pr\u00e9sente n\u00e9tiquette d\u00e9finit les r\u00e8gles applicables aux \u00e9changes sur nos canaux de r\u00e9seaux sociaux.<\/p><p data-start=\"959\" data-end=\"1452\">Nous ne tol\u00e9rons pas certains contenus et nous nous r\u00e9servons le droit de masquer ou de supprimer des publications et des commentaires avec ou sans avertissement pr\u00e9alable. En cas de violations r\u00e9p\u00e9t\u00e9es de cette n\u00e9tiquette, un profil d\u2019utilisateur peut \u00eatre suspendu pour une dur\u00e9e d\u00e9termin\u00e9e. En cas d\u2019infractions graves, notamment d\u2019attaques cibl\u00e9es contre des personnes ou des groupes de personnes, nous nous r\u00e9servons le droit de bloquer imm\u00e9diatement le profil d\u00e8s la premi\u00e8re infraction.<\/p><p data-start=\"1454\" data-end=\"1513\"><strong data-start=\"1454\" data-end=\"1513\">Publications et commentaires que nous n\u2019acceptons pas :<\/strong><\/p><p data-start=\"1515\" data-end=\"2686\">\u2022 Contenus choquants, obsc\u00e8nes, discriminatoires, racistes, sexistes ou pornographiques.<br data-start=\"1603\" data-end=\"1606\" \/>\u2022 Contenus injurieux, d\u00e9nigrants, trompeurs, constituant des attaques personnelles, mena\u00e7ants, intimidants, incitant \u00e0 la violence ou ill\u00e9gaux.<br data-start=\"1749\" data-end=\"1752\" \/>\u2022 Contenus qui minimisent, justifient ou glorifient la violence sexualis\u00e9e, les abus sexuels sur mineurs ou d\u2019autres infractions graves.<br data-start=\"1888\" data-end=\"1891\" \/>\u2022 Contenus (y compris images, vid\u00e9os ou enregistrements audio) qui portent atteinte aux droits de tiers, notamment aux droits d\u2019auteur, aux droits de la personnalit\u00e9 ou \u00e0 la protection des donn\u00e9es.<br data-start=\"2088\" data-end=\"2091\" \/>\u2022 Contenus diffusant de la d\u00e9sinformation cibl\u00e9e ou des th\u00e9ories complotistes.<br data-start=\"2169\" data-end=\"2172\" \/>\u2022 Contenus comportant une publicit\u00e9 directe ou indirecte pour des produits ou services de tiers, ainsi que des contenus g\u00e9n\u00e9r\u00e9s de mani\u00e8re automatis\u00e9e ou massive.<br data-start=\"2334\" data-end=\"2337\" \/>\u2022 Contenus incitant \u00e0 des comportements mettant gravement en danger la sant\u00e9 ou la s\u00e9curit\u00e9 des personnes.<br data-start=\"2443\" data-end=\"2446\" \/>\u2022 Contenus ou actions perturbant le bon fonctionnement des plateformes, ainsi que fichiers ou liens contenant des logiciels malveillants.<br data-start=\"2583\" data-end=\"2586\" \/>\u2022 Publication de donn\u00e9es personnelles de tiers sans leur consentement expr\u00e8s.<br data-start=\"2663\" data-end=\"2666\" \/>\u2022 Spam et publicit\u00e9.<\/p><p data-start=\"2688\" data-end=\"2744\"><strong data-start=\"2688\" data-end=\"2744\">Publications et commentaires que nous encourageons :<\/strong><\/p><p data-start=\"2746\" data-end=\"3000\">\u2022 Factuels, constructifs et favorisant la discussion<br data-start=\"2798\" data-end=\"2801\" \/>\u2022 Critiques, mais \u00e9quitables et fond\u00e9s sur des faits<br data-start=\"2853\" data-end=\"2856\" \/>\u2022 Respectueux, ouverts et sans d\u00e9valorisation des autres opinions<br data-start=\"2921\" data-end=\"2924\" \/>\u2022 Sensibles \u00e0 l\u2019\u00e9gard des personnes concern\u00e9es par la violence et les abus<\/p><p data-start=\"3002\" data-end=\"3292\">Merci de ne publier que des contenus pour lesquels vous disposez des droits n\u00e9cessaires. L\u2019utilisation des logos, noms ou \u00e9l\u00e9ments visuels de l\u2019Initiative Internet n\u2019est autoris\u00e9e qu\u2019avec un accord expr\u00e8s. Le partage des contenus officiels de l\u2019Initiative Internet est autoris\u00e9 et souhait\u00e9.<\/p><p data-start=\"3294\" data-end=\"3430\">Les standards de la communaut\u00e9 et les conditions d\u2019utilisation des plateformes de r\u00e9seaux sociaux concern\u00e9es s\u2019appliquent en compl\u00e9ment.<\/p><p data-start=\"3432\" data-end=\"3514\">Nous vous remercions pour une discussion responsable, respectueuse et factuelle.<\/p><p data-start=\"3516\" data-end=\"3551\">L\u2019\u00e9quipe de l\u2019Initiative Internet<\/p><\/div><\/div><\/div><\/div><\/div>\t\t\t\t<\/div>\n\t\t\t\t<\/div>\n\t\t\t\t\t<\/div>\n\t\t\t\t<\/div>\n\t\t\t\t<\/div>\n\t\t\t\t\t\t<\/div>\n\t\t\t\t<\/div>\n\t\t\t\t<\/div>\n\t\t<div class=\"elementor-element elementor-element-e83233b e-con-full e-flex e-con e-child\" data-id=\"e83233b\" data-element_type=\"container\" data-e-type=\"container\">\n\t\t\t\t<\/div>\n\t\t\t\t\t<\/div>\n\t\t\t\t<\/div>\n\t\t\t\t<\/div>\n\t\t","protected":false},"excerpt":{"rendered":"","protected":false},"author":1,"featured_media":0,"parent":0,"menu_order":12,"comment_status":"closed","ping_status":"closed","template":"","meta":{"footnotes":""},"class_list":["post-2658","page","type-page","status-publish","hentry"],"_links":{"self":[{"href":"https:\/\/www.internet-initiative.ch\/fr\/wp-json\/wp\/v2\/pages\/2658","targetHints":{"allow":["GET"]}}],"collection":[{"href":"https:\/\/www.internet-initiative.ch\/fr\/wp-json\/wp\/v2\/pages"}],"about":[{"href":"https:\/\/www.internet-initiative.ch\/fr\/wp-json\/wp\/v2\/types\/page"}],"author":[{"embeddable":true,"href":"https:\/\/www.internet-initiative.ch\/fr\/wp-json\/wp\/v2\/users\/1"}],"replies":[{"embeddable":true,"href":"https:\/\/www.internet-initiative.ch\/fr\/wp-json\/wp\/v2\/comments?post=2658"}],"version-history":[{"count":10,"href":"https:\/\/www.internet-initiative.ch\/fr\/wp-json\/wp\/v2\/pages\/2658\/revisions"}],"predecessor-version":[{"id":3032,"href":"https:\/\/www.internet-initiative.ch\/fr\/wp-json\/wp\/v2\/pages\/2658\/revisions\/3032"}],"wp:attachment":[{"href":"https:\/\/www.internet-initiative.ch\/fr\/wp-json\/wp\/v2\/media?parent=2658"}],"curies":[{"name":"wp","href":"https:\/\/api.w.org\/{rel}","templated":true}]}}