{"id":1828,"date":"2026-02-25T12:19:36","date_gmt":"2026-02-25T11:19:36","guid":{"rendered":"https:\/\/www.internet-initiative.ch\/?page_id=1828"},"modified":"2026-03-02T14:49:37","modified_gmt":"2026-03-02T13:49:37","slug":"rejoindre-le-comite","status":"publish","type":"page","link":"https:\/\/www.internet-initiative.ch\/fr\/soutenir\/rejoindre-le-comite\/","title":{"rendered":"Rejoindre le comit\u00e9"},"content":{"rendered":"\t\t<div data-elementor-type=\"wp-page\" data-elementor-id=\"1828\" class=\"elementor elementor-1828 elementor-1746\" data-elementor-post-type=\"page\">\n\t\t\t\t<div class=\"elementor-element elementor-element-b6a9bda e-flex e-con-boxed e-con e-parent\" data-id=\"b6a9bda\" data-element_type=\"container\" data-e-type=\"container\" data-settings=\"{&quot;background_background&quot;:&quot;classic&quot;}\">\n\t\t\t\t\t<div class=\"e-con-inner\">\n\t\t<div class=\"elementor-element elementor-element-73706b3 e-con-full e-flex e-con e-child\" data-id=\"73706b3\" data-element_type=\"container\" data-e-type=\"container\">\n\t\t\t\t<div class=\"elementor-element elementor-element-1e6dfad elementor-widget elementor-widget-jet-engine-component-2387\" data-id=\"1e6dfad\" data-element_type=\"widget\" data-e-type=\"widget\" data-widget_type=\"jet-engine-component-2387.default\">\n\t\t\t\t<div class=\"elementor-widget-container\">\n\t\t\t\t\t<style>.elementor-2387 .elementor-element.elementor-element-2e0b07f{--display:flex;--margin-top:0px;--margin-bottom:0px;--margin-left:0px;--margin-right:0px;--padding-top:0px;--padding-bottom:30px;--padding-left:0px;--padding-right:0px;}.elementor-2387 .elementor-element.elementor-element-5d1d87e .heading_style .head-title .heading-title{padding:0px 0px 0px 0px;}.elementor-2387 .elementor-element.elementor-element-5d1d87e .heading .heading-title{font-family:var( --e-global-typography-1x11vi25-font-family ), Sans-serif;font-size:var( --e-global-typography-1x11vi25-font-size );font-weight:var( --e-global-typography-1x11vi25-font-weight );line-height:var( --e-global-typography-1x11vi25-line-height );letter-spacing:var( --e-global-typography-1x11vi25-letter-spacing );word-spacing:var( --e-global-typography-1x11vi25-word-spacing );color:var( --e-global-color-araw5f25 );}.elementor-2387 .elementor-element.elementor-element-5d1d87e > .elementor-widget-container{margin:0px 0px 40px 0px;padding:0px 0px 0px 0px;}.elementor-2387 .elementor-element.elementor-element-5d1d87e{width:var( --container-widget-width, 100% );max-width:100%;--container-widget-width:100%;--container-widget-flex-grow:0;z-index:0;}.elementor-widget-tp-adv-text-block .pt_plus_adv_text_block .text-content-block,.elementor-widget-tp-adv-text-block .pt_plus_adv_text_block .text-content-block p{font-family:var( --e-global-typography-text-font-family ), Sans-serif;font-size:var( --e-global-typography-text-font-size );font-weight:var( --e-global-typography-text-font-weight );line-height:var( --e-global-typography-text-line-height );}.elementor-widget-tp-adv-text-block{font-family:var( --e-global-typography-text-font-family ), Sans-serif;font-size:var( --e-global-typography-text-font-size );font-weight:var( --e-global-typography-text-font-weight );line-height:var( --e-global-typography-text-line-height );}.elementor-2387 .elementor-element.elementor-element-5940732 .pt_plus_adv_text_block .text-content-block,.elementor-2387 .elementor-element.elementor-element-5940732 .pt_plus_adv_text_block .text-content-block p{font-family:var( --e-global-typography-7f85c94-font-family ), Sans-serif;font-size:var( --e-global-typography-7f85c94-font-size );font-weight:var( --e-global-typography-7f85c94-font-weight );line-height:var( --e-global-typography-7f85c94-line-height );letter-spacing:var( --e-global-typography-7f85c94-letter-spacing );word-spacing:var( --e-global-typography-7f85c94-word-spacing );}.elementor-2387 .elementor-element.elementor-element-5940732 .pt_plus_adv_text_block .text-content-block p,.elementor-2387 .elementor-element.elementor-element-5940732 .pt_plus_adv_text_block .text-content-block{color:var( --e-global-color-primary );}.elementor-2387 .elementor-element.elementor-element-5940732{width:var( --container-widget-width, 75% );max-width:75%;--container-widget-width:75%;--container-widget-flex-grow:0;}@media(max-width:1024px){.elementor-2387 .elementor-element.elementor-element-5d1d87e .heading .heading-title{font-size:var( --e-global-typography-1x11vi25-font-size );line-height:var( --e-global-typography-1x11vi25-line-height );letter-spacing:var( --e-global-typography-1x11vi25-letter-spacing );word-spacing:var( --e-global-typography-1x11vi25-word-spacing );}.elementor-widget-tp-adv-text-block .pt_plus_adv_text_block .text-content-block,.elementor-widget-tp-adv-text-block .pt_plus_adv_text_block .text-content-block p{font-size:var( --e-global-typography-text-font-size );line-height:var( --e-global-typography-text-line-height );}.elementor-widget-tp-adv-text-block{font-size:var( --e-global-typography-text-font-size );line-height:var( --e-global-typography-text-line-height );}.elementor-2387 .elementor-element.elementor-element-5940732 .pt_plus_adv_text_block .text-content-block,.elementor-2387 .elementor-element.elementor-element-5940732 .pt_plus_adv_text_block .text-content-block p{font-size:var( --e-global-typography-7f85c94-font-size );line-height:var( --e-global-typography-7f85c94-line-height );letter-spacing:var( --e-global-typography-7f85c94-letter-spacing );word-spacing:var( --e-global-typography-7f85c94-word-spacing );}}@media(max-width:767px){.elementor-2387 .elementor-element.elementor-element-5d1d87e .heading .heading-title{font-size:var( --e-global-typography-1x11vi25-font-size );line-height:var( --e-global-typography-1x11vi25-line-height );letter-spacing:var( --e-global-typography-1x11vi25-letter-spacing );word-spacing:var( --e-global-typography-1x11vi25-word-spacing );}.elementor-2387 .elementor-element.elementor-element-5d1d87e{width:var( --container-widget-width, 100% );max-width:100%;--container-widget-width:100%;--container-widget-flex-grow:0;}.elementor-widget-tp-adv-text-block .pt_plus_adv_text_block .text-content-block,.elementor-widget-tp-adv-text-block .pt_plus_adv_text_block .text-content-block p{font-size:var( --e-global-typography-text-font-size );line-height:var( --e-global-typography-text-line-height );}.elementor-widget-tp-adv-text-block{font-size:var( --e-global-typography-text-font-size );line-height:var( --e-global-typography-text-line-height );}.elementor-2387 .elementor-element.elementor-element-5940732 .pt_plus_adv_text_block .text-content-block,.elementor-2387 .elementor-element.elementor-element-5940732 .pt_plus_adv_text_block .text-content-block p{font-size:var( --e-global-typography-7f85c94-font-size );line-height:var( --e-global-typography-7f85c94-line-height );letter-spacing:var( --e-global-typography-7f85c94-letter-spacing );word-spacing:var( --e-global-typography-7f85c94-word-spacing );}.elementor-2387 .elementor-element.elementor-element-5940732{width:100%;max-width:100%;}}\/* Start custom CSS for tp-adv-text-block, class: .elementor-element-5940732 *\/.elementor-2387 .elementor-element.elementor-element-5940732 h2 {\n    font-family: \"PT Serif Caption\";\n    font-size: 36px;\n    font-weight: 600;\n    line-height: 1.2;\n}\n\n@media (max-width: 1024px) {.elementor-2387 .elementor-element.elementor-element-5940732 h2 {\n    font-size: 32px;\n\n}}\n\n@media (max-width: 767px) {.elementor-2387 .elementor-element.elementor-element-5940732 h2 {\n    font-size: 24px;\n\n}}\/* End custom CSS *\/<\/style>\t\t<div data-elementor-type=\"jet-engine-component\" data-elementor-id=\"2387\" class=\"elementor elementor-2387 jet-listing-grid--2387 jet-component-instance-4881\" data-elementor-post-type=\"jet-engine\" style=\"\">\n\t\t\t\t<div class=\"elementor-element elementor-element-2e0b07f e-flex e-con-boxed e-con e-parent\" data-id=\"2e0b07f\" data-element_type=\"container\" data-e-type=\"container\">\n\t\t\t\t\t<div class=\"e-con-inner\">\n\t\t\t\t<div class=\"elementor-element elementor-element-5d1d87e elementor-widget__width-initial elementor-widget-mobile__width-initial text-left elementor-widget elementor-widget-tp-heading-title\" data-id=\"5d1d87e\" data-element_type=\"widget\" data-e-type=\"widget\" data-widget_type=\"tp-heading-title.default\">\n\t\t\t\t<div class=\"elementor-widget-container\">\n\t\t\t\t\t<div class=\"heading heading_style heading_style69faf82fa4b51 style-1 \"  data-tp-gsap-heading-text=\"\" data-tp-gsap-sub-heading-text=\"\"><div class=\"sub-style \"  ><div class=\"head-title \" > <h1  class=\"heading-title   \"   data-hover=\"Ton soutien\">Ton soutien<span class=\"title-s \">  <\/span><\/h1><\/div><\/div><\/div>\t\t\t\t<\/div>\n\t\t\t\t<\/div>\n\t\t\t\t<div class=\"elementor-element elementor-element-5940732 text elementor-widget-mobile__width-inherit elementor-widget__width-initial elementor-widget elementor-widget-tp-adv-text-block\" data-id=\"5940732\" data-element_type=\"widget\" data-e-type=\"widget\" data-widget_type=\"tp-adv-text-block.default\">\n\t\t\t\t<div class=\"elementor-widget-container\">\n\t\t\t\t\t<div class=\"pt-plus-text-block-wrapper\" data-tp-gsap-textblock=\"\" ><div class=\"text_block_parallax\"><div class=\"pt_plus_adv_text_block \" ><div class=\"text-content-block\"><article class=\"text-token-text-primary w-full focus:outline-none [--shadow-height:45px] has-data-writing-block:pointer-events-none has-data-writing-block:-mt-(--shadow-height) has-data-writing-block:pt-(--shadow-height) [&amp;:has([data-writing-block])&gt;*]:pointer-events-auto scroll-mt-(--header-height)\" dir=\"auto\" data-turn-id=\"b326c8e2-f2ae-4413-9bff-23c3af2d4988\" data-testid=\"conversation-turn-47\" data-scroll-anchor=\"false\" data-turn=\"user\"><\/article><article class=\"text-token-text-primary w-full focus:outline-none [--shadow-height:45px] has-data-writing-block:pointer-events-none has-data-writing-block:-mt-(--shadow-height) has-data-writing-block:pt-(--shadow-height) [&amp;:has([data-writing-block])&gt;*]:pointer-events-auto scroll-mt-[calc(var(--header-height)+min(200px,max(70px,20svh)))]\" dir=\"auto\" data-turn-id=\"request-WEB:bab38366-615f-4006-bbd4-b743ce72142c-23\" data-testid=\"conversation-turn-48\" data-scroll-anchor=\"true\" data-turn=\"assistant\"><div class=\"text-base my-auto mx-auto pb-10 [--thread-content-margin:--spacing(4)] @w-sm\/main:[--thread-content-margin:--spacing(6)] @w-lg\/main:[--thread-content-margin:--spacing(16)] px-(--thread-content-margin)\"><div class=\"[--thread-content-max-width:40rem] @w-lg\/main:[--thread-content-max-width:48rem] mx-auto max-w-(--thread-content-max-width) flex-1 group\/turn-messages focus-visible:outline-hidden relative flex w-full min-w-0 flex-col agent-turn\"><div class=\"flex max-w-full flex-col grow\"><div class=\"min-h-8 text-message relative flex w-full flex-col items-end gap-2 text-start break-words whitespace-normal [.text-message+&amp;]:mt-1\" dir=\"auto\" data-message-author-role=\"assistant\" data-message-id=\"d8718a3b-9c86-4d4c-9a1d-ca3284b24994\" data-message-model-slug=\"gpt-5-2\"><div class=\"flex w-full flex-col gap-1 empty:hidden first:pt-[1px]\"><div class=\"markdown prose dark:prose-invert w-full wrap-break-word light markdown-new-styling\"><p data-start=\"0\" data-end=\"52\">L\u2019Initiative Internet a besoin de ton soutien !<\/p><p data-start=\"54\" data-end=\"138\" data-is-last-node=\"\" data-is-only-node=\"\">Rejoins D\u00c8S MAINTENANT le comit\u00e9 de soutien en remplissant le formulaire ci-dessous.<\/p><\/div><\/div><\/div><\/div><\/div><\/div><\/article><\/div><\/div><\/div><\/div>\t\t\t\t<\/div>\n\t\t\t\t<\/div>\n\t\t\t\t\t<\/div>\n\t\t\t\t<\/div>\n\t\t\t\t<\/div>\n\t\t\t\t\t\t<\/div>\n\t\t\t\t<\/div>\n\t\t\t\t<div class=\"elementor-element elementor-element-866ff8d elementor-widget elementor-widget-shortcode\" data-id=\"866ff8d\" data-element_type=\"widget\" data-e-type=\"widget\" data-widget_type=\"shortcode.default\">\n\t\t\t\t<div class=\"elementor-widget-container\">\n\t\t\t\t\t\t\t<div class=\"elementor-shortcode\"><div class='fluentform ff-default fluentform_wrapper_11 ffs_default_wrap'><form data-form_id=\"11\" id=\"fluentform_11\" class=\"frm-fluent-form fluent_form_11 ff-el-form-top ff_form_instance_11_1 ff-form-loading ffs_default\" data-form_instance=\"ff_form_instance_11_1\" method=\"POST\" ><fieldset  style=\"border: none!important;margin: 0!important;padding: 0!important;background-color: transparent!important;box-shadow: none!important;outline: none!important; min-inline-size: 100%;\">\n                    <legend class=\"ff_screen_reader_title\" style=\"display: block; margin: 0!important;padding: 0!important;height: 0!important;text-indent: -999999px;width: 0!important;overflow:hidden;\">Unterst\u00fctzer:in werden FR - Post Form<\/legend><input type='hidden' name='__fluent_form_embded_post_id' value='1828' \/><input type=\"hidden\" id=\"_fluentform_11_fluentformnonce\" name=\"_fluentform_11_fluentformnonce\" value=\"6b3c0867a8\" \/><input type=\"hidden\" name=\"_wp_http_referer\" value=\"\/fr\/wp-json\/wp\/v2\/pages\/1828\" \/><div data-type=\"name-element\" data-name=\"names\" class=\" ff-field_container ff-name-field-wrapper\" ><div class='ff-t-container'><div class='ff-t-cell '><div class='ff-el-group ff-el-form-top'><div class=\"ff-el-input--label asterisk-right\"><label for='ff_11_names_first_name_' id='label_ff_11_names_first_name_' >Pr\u00e9nom<\/label><\/div><div class='ff-el-input--content'><input type=\"text\" name=\"names[first_name]\" id=\"ff_11_names_first_name_\" class=\"ff-el-form-control\" aria-invalid=\"false\" aria-required=false><\/div><\/div><\/div><div class='ff-t-cell '><div class='ff-el-group ff-el-form-top'><div class=\"ff-el-input--label asterisk-right\"><label for='ff_11_names_last_name_' id='label_ff_11_names_last_name_' >Nom<\/label><\/div><div class='ff-el-input--content'><input type=\"text\" name=\"names[last_name]\" id=\"ff_11_names_last_name_\" class=\"ff-el-form-control\" aria-invalid=\"false\" aria-required=false><\/div><\/div><\/div><\/div><\/div><div class='ff-el-group'><div class=\"ff-el-input--label ff-el-is-required asterisk-right\"><label for='ff_11_email' id='label_ff_11_email' aria-label=\"Email\">Email<\/label><\/div><div class='ff-el-input--content'><input type=\"email\" name=\"email\" id=\"ff_11_email\" class=\"ff-el-form-control\" data-name=\"email\"  aria-invalid=\"false\" aria-required=true><\/div><\/div><div class='ff-el-group'><div class=\"ff-el-input--label asterisk-right\"><label for='ff_11_input_text' id='label_ff_11_input_text' aria-label=\"Profession\">Profession<\/label><\/div><div class='ff-el-input--content'><input type=\"text\" name=\"input_text\" class=\"ff-el-form-control\" data-name=\"input_text\" id=\"ff_11_input_text\"  aria-invalid=\"false\" aria-required=false><\/div><\/div><div class='ff-el-group'><div class=\"ff-el-input--label asterisk-right\"><label for='ff_11_numeric_field' id='label_ff_11_numeric_field' aria-label=\"Code postal\">Code postal<\/label><\/div><div class='ff-el-input--content'><input type=\"number\" name=\"numeric_field\" id=\"ff_11_numeric_field\" class=\"ff-el-form-control\" data-name=\"numeric_field\" inputmode=\"numeric\" step=\"any\" min=\"1000\" aria-valuemin=\"1000\" max=\"9999\" aria-valuemax=\"9999\"  aria-invalid=\"false\" aria-required=false><\/div><\/div><div class='ff-el-group'><div class=\"ff-el-input--label ff-el-is-required asterisk-right\"><label for='ff_11_featured_image' id='label_ff_11_featured_image' aria-label=\"Votre image\">Votre image<\/label><\/div><div class='ff-el-input--content'><label for='ff_11_featured_image' class='ff_file_upload_holder'><span class='ff_upload_btn ff-btn'>T\u00e9l\u00e9charger photo<\/span> <input name=\"featured_image\" class=\"ff-el-form-control  ff-screen-reader-element\" type=\"file\" accept=\"image\/*\" data-name=\"featured_image\" id=\"ff_11_featured_image\" ><\/label><\/div><\/div><div class='ff-el-group'><div class=\"ff-el-input--label asterisk-right\"><label for='ff_11_dropdown' id='label_ff_11_dropdown' aria-label=\"Votre t\u00e9moignage\">Votre t\u00e9moignage<\/label><\/div><div class='ff-el-input--content'><select name=\"dropdown\" id=\"ff_11_dropdown\" class=\"ff-el-form-control\" data-name=\"dropdown\" data-calc_value=\"0\"  aria-invalid=\"false\" aria-required=\"false\" aria-labelledby=\"label_ff_11_dropdown\"><option value=\"\">- Choisissez svp -<\/option><option value=\"Je soutiens l\u2019Initiative Internet, parce que la violence num\u00e9rique, les abus et la d\u00e9sinformation causent des dommages r\u00e9els et que les Big Tech doivent assumer leurs responsabilit\u00e9s !\"  >Je soutiens l\u2019Initiative Internet, parce que la violence num\u00e9rique, les abus et la d\u00e9sinformation causent des dommages r\u00e9els et que les Big Tech doivent assumer leurs responsabilit\u00e9s !<\/option><option value=\"Ich will ein eigenes Statement schreiben\"  >Je souhaite r\u00e9diger mon propre t\u00e9moignage<\/option><\/select><\/div><\/div><div class='ff-el-group has-conditions'><div class=\"ff-el-input--label asterisk-right\"><label for='ff_11_description' id='label_ff_11_description' aria-label=\"Mon t\u00e9moignage\">Mon t\u00e9moignage<\/label><\/div><div class='ff-el-input--content'><textarea aria-required=\"false\" aria-labelledby=\"label_ff_11_description\" name=\"description\" id=\"ff_11_description\" class=\"ff-el-form-control\" rows=\"3\" cols=\"2\" data-name=\"description\" ><\/textarea><\/div><\/div><div class='ff-el-group'><div class=\"ff-el-input--label asterisk-right\"><label   aria-label=\"J&#039;accepte que le comit\u00e9 d&#039;initiative m&#039;envoie des informations sur l&#039;initiative.\">J'accepte que le comit\u00e9 d'initiative m'envoie des informations sur l'initiative.<\/label><\/div><div class='ff-el-input--content'><div class='ff-el-form-check ff-el-form-check- ff_item_selected'><label class='ff-el-form-check-label' for='input_radio_7eae38e96804aae2c9d3276cc0333331'><input  type=\"radio\" name=\"input_radio\" data-name=\"input_radio\" class=\"ff-el-form-check-input ff-el-form-check-radio\" checked=\"1\" value=\"Ja\"  id='input_radio_7eae38e96804aae2c9d3276cc0333331' aria-label='Oui' aria-invalid='false' aria-required=false> <span>Oui<\/span><\/label><\/div><div class='ff-el-form-check ff-el-form-check-'><label class='ff-el-form-check-label' for='input_radio_befe3d97761b303795dd191e0d48e639'><input  type=\"radio\" name=\"input_radio\" data-name=\"input_radio\" class=\"ff-el-form-check-input ff-el-form-check-radio\" value=\"Nein\"  id='input_radio_befe3d97761b303795dd191e0d48e639' aria-label='Non' aria-invalid='false' aria-required=false> <span>Non<\/span><\/label><\/div><\/div><\/div><input type=\"hidden\" name=\"hidden\" value=\"Franz\u00f6sisch\" data-name=\"hidden\" ><div class='ff-el-group ' ><div class='ff-el-input--content'><div data-fluent_id='11' name='g-recaptcha-response'><div\n\t\tdata-sitekey='6LfFaGAsAAAAACa9P7_JC59CqxwjK3TmlYPSfmVk'\n\t\tid='fluentform-recaptcha-11-1'\n\t\tclass='ff-el-recaptcha g-recaptcha'\n\t\tdata-callback='fluentFormrecaptchaSuccessCallback'><\/div><\/div><\/div><\/div><div class='ff-el-group ff-text-left ff_submit_btn_wrapper'><button type=\"submit\" class=\"ff-btn ff-btn-submit ff-btn-md ff_btn_style wpf_has_custom_css\"  aria-label=\"Envoyer\">Envoyer<\/button><\/div><\/fieldset><\/form><div id='fluentform_11_errors' class='ff-errors-in-stack ff_form_instance_11_1 ff-form-loading_errors ff_form_instance_11_1_errors'><\/div><\/div>            <script type=\"text\/javascript\">\n                window.fluent_form_ff_form_instance_11_1 = {\"id\":\"11\",\"ajaxUrl\":\"https:\\\/\\\/www.internet-initiative.ch\\\/wp-admin\\\/admin-ajax.php\",\"settings\":{\"layout\":{\"labelPlacement\":\"top\",\"asteriskPlacement\":\"asterisk-right\",\"helpMessagePlacement\":\"with_label\",\"errorMessagePlacement\":\"inline\",\"cssClassName\":\"\"},\"restrictions\":{\"denyEmptySubmission\":{\"enabled\":false}}},\"form_instance\":\"ff_form_instance_11_1\",\"form_id_selector\":\"fluentform_11\",\"rules\":{\"names[first_name]\":{\"required\":{\"value\":false,\"message\":\"Ce champ est obligatoire\",\"global_message\":\"Dieses Feld ist erforderlich\",\"global\":true}},\"names[middle_name]\":{\"required\":{\"value\":false,\"message\":\"Ce champ est obligatoire\",\"global_message\":\"Dieses Feld ist erforderlich\",\"global\":true}},\"names[last_name]\":{\"required\":{\"value\":false,\"message\":\"Ce champ est obligatoire\",\"global_message\":\"Dieses Feld ist erforderlich\",\"global\":true}},\"email\":{\"required\":{\"value\":true,\"message\":\"Ce champ est obligatoire\",\"global_message\":\"Dieses Feld ist erforderlich\",\"global\":true},\"email\":{\"value\":true,\"message\":\"Ce champ doit contenir un e-mail valide\",\"global_message\":\"Dieses Feld muss eine g\\u00fcltige E-Mail-Adresse enthalten\",\"global\":true}},\"input_text\":{\"required\":{\"value\":false,\"message\":\"Ce champ est obligatoire\",\"global_message\":\"Dieses Feld ist erforderlich\",\"global\":true}},\"numeric_field\":{\"required\":{\"value\":false,\"message\":\"Ce champ est obligatoire\",\"global_message\":\"Dieses Feld ist erforderlich\",\"global\":true},\"numeric\":{\"value\":true,\"message\":\"Ce champ doit contenir une valeur num\\u00e9rique\",\"global_message\":\"Dieses Feld muss einen numerischen Wert enthalten\",\"global\":true},\"min\":{\"value\":\"1000\",\"message\":\"\\u00c9chec de la validation pour la valeur minimale\",\"global_message\":\"Validierung des Mindestwerts schl\\u00e4gt fehl\",\"global\":true},\"max\":{\"value\":\"9999\",\"message\":\"\\u00c9chec de la validation pour la valeur maximale\",\"global_message\":\"Validierung schl\\u00e4gt bei Maximalwert fehl\",\"global\":true},\"digits\":{\"value\":\"\",\"message\":\"La validation \\u00e9choue pour un nombre limit\\u00e9 de chiffres\",\"global_message\":\"Validierung schl\\u00e4gt bei begrenzten Ziffern fehl\",\"global\":true}},\"featured_image\":{\"required\":{\"value\":true,\"global\":false,\"message\":\"Veuillez t\\u00e9l\\u00e9charger une photo de profil\",\"global_message\":\"Dieses Feld ist erforderlich\"},\"max_file_size\":{\"value\":null,\"global\":false,\"message\":\"Ihr Bild muss weniger als 1MB gross sein\",\"global_message\":\"Validierung schl\\u00e4gt bei maximaler Dateigr\\u00f6\\u00dfe fehl\"},\"max_file_count\":{\"value\":1,\"global\":false,\"message\":\"Sie k\\u00f6nnen nur 1 Bild hochladen\",\"global_message\":\"Validierung schl\\u00e4gt bei maximaler Dateianzahl fehl\"},\"allowed_image_types\":{\"value\":[\"jpg|jpeg\",\"png\"],\"global\":false,\"message\":\"Sie k\\u00f6nnen nur JPEG und PNG Bilder hochladen\",\"global_message\":\"Erlaubte Bildtypen stimmen nicht \\u00fcberein\"}},\"dropdown\":{\"required\":{\"value\":false,\"message\":\"Ce champ est obligatoire\",\"global_message\":\"Dieses Feld ist erforderlich\",\"global\":true}},\"description\":{\"required\":{\"value\":false,\"message\":\"Ce champ est obligatoire\",\"global_message\":\"Dieses Feld ist erforderlich\",\"global\":true}},\"input_radio\":{\"required\":{\"value\":false,\"message\":\"Ce champ est obligatoire\",\"global_message\":\"Dieses Feld ist erforderlich\",\"global\":true}},\"g-recaptcha-response\":[]},\"debounce_time\":300,\"conditionals\":{\"description\":{\"type\":\"any\",\"status\":true,\"conditions\":[{\"field\":\"dropdown\",\"value\":\"Ich will ein eigenes Statement schreiben\",\"operator\":\"=\"}],\"condition_groups\":[{\"rules\":[{\"field\":\"\",\"value\":\"\",\"operator\":\"\"}],\"title\":\"\",\"isEditingTitle\":false,\"isPreviewOpen\":false,\"isGroupOpen\":true}]}}};\n                            <\/script>\n            <\/div>\n\t\t\t\t\t\t<\/div>\n\t\t\t\t<\/div>\n\t\t\t\t<\/div>\n\t\t\t\t\t<\/div>\n\t\t\t\t<\/div>\n\t\t\t\t<\/div>\n\t\t","protected":false},"excerpt":{"rendered":"","protected":false},"author":1,"featured_media":0,"parent":1822,"menu_order":4,"comment_status":"closed","ping_status":"closed","template":"","meta":{"footnotes":""},"class_list":["post-1828","page","type-page","status-publish","hentry"],"_links":{"self":[{"href":"https:\/\/www.internet-initiative.ch\/fr\/wp-json\/wp\/v2\/pages\/1828","targetHints":{"allow":["GET"]}}],"collection":[{"href":"https:\/\/www.internet-initiative.ch\/fr\/wp-json\/wp\/v2\/pages"}],"about":[{"href":"https:\/\/www.internet-initiative.ch\/fr\/wp-json\/wp\/v2\/types\/page"}],"author":[{"embeddable":true,"href":"https:\/\/www.internet-initiative.ch\/fr\/wp-json\/wp\/v2\/users\/1"}],"replies":[{"embeddable":true,"href":"https:\/\/www.internet-initiative.ch\/fr\/wp-json\/wp\/v2\/comments?post=1828"}],"version-history":[{"count":10,"href":"https:\/\/www.internet-initiative.ch\/fr\/wp-json\/wp\/v2\/pages\/1828\/revisions"}],"predecessor-version":[{"id":2896,"href":"https:\/\/www.internet-initiative.ch\/fr\/wp-json\/wp\/v2\/pages\/1828\/revisions\/2896"}],"up":[{"embeddable":true,"href":"https:\/\/www.internet-initiative.ch\/fr\/wp-json\/wp\/v2\/pages\/1822"}],"wp:attachment":[{"href":"https:\/\/www.internet-initiative.ch\/fr\/wp-json\/wp\/v2\/media?parent=1828"}],"curies":[{"name":"wp","href":"https:\/\/api.w.org\/{rel}","templated":true}]}}